{"id":10,"date":"2023-04-06T08:29:33","date_gmt":"2023-04-06T11:29:33","guid":{"rendered":"https:\/\/www.atitudedesentupidora.com.br\/site\/?page_id=10"},"modified":"2024-02-02T10:15:57","modified_gmt":"2024-02-02T13:15:57","slug":"quem-somos","status":"publish","type":"page","link":"https:\/\/www.atitudedesentupidora.com.br\/site\/quem-somos\/","title":{"rendered":"Quem Somos"},"content":{"rendered":"<section class=\"wpb-content-wrapper\"><p>[vc_row][vc_column width=&#8221;1\/3&#8243;][vc_single_image image=&#8221;146&#8243; img_size=&#8221;full&#8221; alignment=&#8221;center&#8221; style=&#8221;vc_box_rounded&#8221;][vc_single_image image=&#8221;145&#8243; img_size=&#8221;full&#8221; alignment=&#8221;center&#8221; style=&#8221;vc_box_rounded&#8221; css=&#8221;.vc_custom_1682622384342{margin-top: 10px !important;}&#8221;][\/vc_column][vc_column width=&#8221;2\/3&#8243;][vc_custom_heading text=&#8221;<strong>Atitude<\/strong> &#8211; Desentupidora 24h&#8221; font_container=&#8221;tag:h2|text_align:left|color:%23253c8a&#8221; use_theme_fonts=&#8221;yes&#8221;][vc_separator color=&#8221;custom&#8221; border_width=&#8221;3&#8243; accent_color=&#8221;#eee435&#8243;][vc_column_text]<\/p>\n<p style=\"text-align: justify;\">A Atitude Desentupidora 24h \u00e9 uma empresa especializada em servi\u00e7os de desentupimento em Joinville e regi\u00e3o metropolitana. Com anos de experi\u00eancia no mercado, a empresa se destaca pela qualidade de seus servi\u00e7os, atendimento ao cliente e agilidade em solucionar problemas.<\/p>\n<p style=\"text-align: justify;\">A equipe t\u00e9cnica da Atitude Desentupidora \u00e9 altamente qualificada e treinada para lidar com diferentes tipos de entupimentos, seja em resid\u00eancias, com\u00e9rcios ou ind\u00fastrias. Utilizando equipamentos modernos e de \u00faltima gera\u00e7\u00e3o, a empresa consegue identificar a causa do problema e solucion\u00e1-lo de forma eficiente, garantindo a satisfa\u00e7\u00e3o do cliente.<\/p>\n<p style=\"text-align: justify;\">Al\u00e9m dos servi\u00e7os de desentupimento, a Atitude Desentupidora tamb\u00e9m oferece servi\u00e7os de limpeza de caixas de gordura, hidrojateamento, limpeza de fossas e controle de pragas. Todos os servi\u00e7os s\u00e3o realizados com total seguran\u00e7a e respeito ao meio ambiente.<\/p>\n<p style=\"text-align: justify;\">A Atitude Desentupidora 24h se preocupa em oferecer um atendimento r\u00e1pido e eficiente, por isso, est\u00e1 dispon\u00edvel 24 horas por dia, 7 dias por semana, inclusive em feriados e finais de semana. Com isso, os clientes podem contar com a empresa sempre que precisarem, sem preocupa\u00e7\u00f5es com hor\u00e1rios.<\/p>\n<p style=\"text-align: justify;\">Se voc\u00ea est\u00e1 precisando de servi\u00e7os de desentupimento ou outros servi\u00e7os relacionados, n\u00e3o hesite em entrar em contato com a Focus Desentupidora 24h e contar com a qualidade e efici\u00eancia da empresa.<\/p>\n<p>[\/vc_column_text][\/vc_column][\/vc_row]<\/p>\n<\/section>","protected":false},"excerpt":{"rendered":"<p>[vc_row][vc_column width=&#8221;1\/3&#8243;][vc_single_image image=&#8221;146&#8243; img_size=&#8221;full&#8221; alignment=&#8221;center&#8221; style=&#8221;vc_box_rounded&#8221;][vc_single_image image=&#8221;145&#8243; img_size=&#8221;full&#8221; alignment=&#8221;center&#8221; style=&#8221;vc_box_rounded&#8221; css=&#8221;.vc_custom_1682622384342{margin-top: 10px !important;}&#8221;][\/vc_column][vc_column width=&#8221;2\/3&#8243;][vc_custom_heading text=&#8221;Atitude &#8211; Desentupidora 24h&#8221; font_container=&#8221;tag:h2|text_align:left|color:%23253c8a&#8221; use_theme_fonts=&#8221;yes&#8221;][vc_separator color=&#8221;custom&#8221; border_width=&#8221;3&#8243; accent_color=&#8221;#eee435&#8243;][vc_column_text] A Atitude Desentupidora 24h \u00e9 uma empresa especializada em servi\u00e7os de desentupimento em Joinville e regi\u00e3o metropolitana. Com anos de experi\u00eancia no mercado, a empresa se destaca pela qualidade de seus servi\u00e7os, atendimento ao cliente e agilidade em solucionar problemas. A equipe t\u00e9cnica da Atitude Desentupidora \u00e9 altamente qualificada e treinada para lidar com diferentes tipos de entupimentos, seja em resid\u00eancias, com\u00e9rcios ou ind\u00fastrias. Utilizando equipamentos modernos e de \u00faltima gera\u00e7\u00e3o, a empresa consegue identificar a causa do problema e solucion\u00e1-lo de forma eficiente, garantindo a satisfa\u00e7\u00e3o do cliente. Al\u00e9m dos servi\u00e7os de desentupimento, a Atitude Desentupidora tamb\u00e9m oferece servi\u00e7os de limpeza de caixas de gordura, hidrojateamento, limpeza de fossas e controle de pragas. Todos os servi\u00e7os s\u00e3o realizados com total seguran\u00e7a e respeito ao meio ambiente. A Atitude Desentupidora 24h se preocupa em oferecer um atendimento r\u00e1pido e eficiente, por isso, est\u00e1 dispon\u00edvel 24 horas por dia, 7 dias por semana, inclusive em feriados e finais de semana. Com isso, os clientes podem contar com a empresa sempre que precisarem, sem preocupa\u00e7\u00f5es com hor\u00e1rios. Se voc\u00ea est\u00e1 precisando de servi\u00e7os de desentupimento ou outros servi\u00e7os relacionados, n\u00e3o hesite em entrar em contato com a Focus Desentupidora 24h e contar com a qualidade e efici\u00eancia da empresa. [\/vc_column_text][\/vc_column][\/vc_row]<\/p>\n","protected":false},"author":1,"featured_media":0,"parent":0,"menu_order":0,"comment_status":"closed","ping_status":"closed","template":"","meta":{"footnotes":""},"class_list":["post-10","page","type-page","status-publish","hentry"],"yoast_head":"<!-- This site is optimized with the Yoast SEO plugin v27.5 - https:\/\/yoast.com\/product\/yoast-seo-wordpress\/ -->\n<title>Quem Somos - Atitude<\/title>\n<meta name=\"description\" content=\"Desentupidora de Vaso Sanit\u00e1rio, Pias, Ralos, Esgoto. Precisou \u00e9 s\u00f3 chamar a Atitude. Solicite-nos um or\u00e7amento sem compromisso, vamos at\u00e9 a sua casa e avaliamos o problema.Limpeza de Caixa de Gordura, Fossa. Somos especializados em servi\u00e7os de Desentupimento.\" \/>\n<meta name=\"robots\" content=\"index, follow, max-snippet:-1, max-image-preview:large, max-video-preview:-1\" \/>\n<link rel=\"canonical\" href=\"https:\/\/www.atitudedesentupidora.com.br\/site\/quem-somos\/\" \/>\n<meta property=\"og:locale\" content=\"pt_BR\" \/>\n<meta property=\"og:type\" content=\"article\" \/>\n<meta property=\"og:title\" content=\"Quem Somos - Atitude\" \/>\n<meta property=\"og:description\" content=\"Desentupidora de Vaso Sanit\u00e1rio, Pias, Ralos, Esgoto. Precisou \u00e9 s\u00f3 chamar a Atitude. Solicite-nos um or\u00e7amento sem compromisso, vamos at\u00e9 a sua casa e avaliamos o problema.Limpeza de Caixa de Gordura, Fossa. Somos especializados em servi\u00e7os de Desentupimento.\" \/>\n<meta property=\"og:url\" content=\"https:\/\/www.atitudedesentupidora.com.br\/site\/quem-somos\/\" \/>\n<meta property=\"og:site_name\" content=\"Atitude\" \/>\n<meta property=\"article:publisher\" content=\"https:\/\/www.facebook.com\/atitudedesentupidora\" \/>\n<meta property=\"article:modified_time\" content=\"2024-02-02T13:15:57+00:00\" \/>\n<meta name=\"twitter:card\" content=\"summary_large_image\" \/>\n<meta name=\"twitter:label1\" content=\"Est. tempo de leitura\" \/>\n\t<meta name=\"twitter:data1\" content=\"2 minutos\" \/>\n<script type=\"application\/ld+json\" class=\"yoast-schema-graph\">{\"@context\":\"https:\\\/\\\/schema.org\",\"@graph\":[{\"@type\":\"WebPage\",\"@id\":\"https:\\\/\\\/www.atitudedesentupidora.com.br\\\/site\\\/quem-somos\\\/\",\"url\":\"https:\\\/\\\/www.atitudedesentupidora.com.br\\\/site\\\/quem-somos\\\/\",\"name\":\"Quem Somos - Atitude\",\"isPartOf\":{\"@id\":\"https:\\\/\\\/www.atitudedesentupidora.com.br\\\/site\\\/#website\"},\"datePublished\":\"2023-04-06T11:29:33+00:00\",\"dateModified\":\"2024-02-02T13:15:57+00:00\",\"description\":\"Desentupidora de Vaso Sanit\u00e1rio, Pias, Ralos, Esgoto. Precisou \u00e9 s\u00f3 chamar a Atitude. Solicite-nos um or\u00e7amento sem compromisso, vamos at\u00e9 a sua casa e avaliamos o problema.Limpeza de Caixa de Gordura, Fossa. Somos especializados em servi\u00e7os de Desentupimento.\",\"breadcrumb\":{\"@id\":\"https:\\\/\\\/www.atitudedesentupidora.com.br\\\/site\\\/quem-somos\\\/#breadcrumb\"},\"inLanguage\":\"pt-BR\",\"potentialAction\":[{\"@type\":\"ReadAction\",\"target\":[\"https:\\\/\\\/www.atitudedesentupidora.com.br\\\/site\\\/quem-somos\\\/\"]}]},{\"@type\":\"BreadcrumbList\",\"@id\":\"https:\\\/\\\/www.atitudedesentupidora.com.br\\\/site\\\/quem-somos\\\/#breadcrumb\",\"itemListElement\":[{\"@type\":\"ListItem\",\"position\":1,\"name\":\"In\u00edcio\",\"item\":\"https:\\\/\\\/www.atitudedesentupidora.com.br\\\/site\\\/\"},{\"@type\":\"ListItem\",\"position\":2,\"name\":\"Quem Somos\"}]},{\"@type\":\"WebSite\",\"@id\":\"https:\\\/\\\/www.atitudedesentupidora.com.br\\\/site\\\/#website\",\"url\":\"https:\\\/\\\/www.atitudedesentupidora.com.br\\\/site\\\/\",\"name\":\"Atitude Desentupidora\",\"description\":\"Desentupidora 24h\",\"publisher\":{\"@id\":\"https:\\\/\\\/www.atitudedesentupidora.com.br\\\/site\\\/#organization\"},\"potentialAction\":[{\"@type\":\"SearchAction\",\"target\":{\"@type\":\"EntryPoint\",\"urlTemplate\":\"https:\\\/\\\/www.atitudedesentupidora.com.br\\\/site\\\/?s={search_term_string}\"},\"query-input\":{\"@type\":\"PropertyValueSpecification\",\"valueRequired\":true,\"valueName\":\"search_term_string\"}}],\"inLanguage\":\"pt-BR\"},{\"@type\":\"Organization\",\"@id\":\"https:\\\/\\\/www.atitudedesentupidora.com.br\\\/site\\\/#organization\",\"name\":\"Desentupidora 24 horas\",\"url\":\"https:\\\/\\\/www.atitudedesentupidora.com.br\\\/site\\\/\",\"logo\":{\"@type\":\"ImageObject\",\"inLanguage\":\"pt-BR\",\"@id\":\"https:\\\/\\\/www.atitudedesentupidora.com.br\\\/site\\\/#\\\/schema\\\/logo\\\/image\\\/\",\"url\":\"https:\\\/\\\/www.atitudedesentupidora.com.br\\\/site\\\/wp-content\\\/uploads\\\/2024\\\/02\\\/logo.png\",\"contentUrl\":\"https:\\\/\\\/www.atitudedesentupidora.com.br\\\/site\\\/wp-content\\\/uploads\\\/2024\\\/02\\\/logo.png\",\"width\":358,\"height\":135,\"caption\":\"Desentupidora 24 horas\"},\"image\":{\"@id\":\"https:\\\/\\\/www.atitudedesentupidora.com.br\\\/site\\\/#\\\/schema\\\/logo\\\/image\\\/\"},\"sameAs\":[\"https:\\\/\\\/www.facebook.com\\\/atitudedesentupidora\",\"https:\\\/\\\/www.instagram.com\\\/atitudedesentupidora\"]}]}<\/script>\n<!-- \/ Yoast SEO plugin. -->","yoast_head_json":{"title":"Quem Somos - Atitude","description":"Desentupidora de Vaso Sanit\u00e1rio, Pias, Ralos, Esgoto. Precisou \u00e9 s\u00f3 chamar a Atitude. Solicite-nos um or\u00e7amento sem compromisso, vamos at\u00e9 a sua casa e avaliamos o problema.Limpeza de Caixa de Gordura, Fossa. Somos especializados em servi\u00e7os de Desentupimento.","robots":{"index":"index","follow":"follow","max-snippet":"max-snippet:-1","max-image-preview":"max-image-preview:large","max-video-preview":"max-video-preview:-1"},"canonical":"https:\/\/www.atitudedesentupidora.com.br\/site\/quem-somos\/","og_locale":"pt_BR","og_type":"article","og_title":"Quem Somos - Atitude","og_description":"Desentupidora de Vaso Sanit\u00e1rio, Pias, Ralos, Esgoto. Precisou \u00e9 s\u00f3 chamar a Atitude. Solicite-nos um or\u00e7amento sem compromisso, vamos at\u00e9 a sua casa e avaliamos o problema.Limpeza de Caixa de Gordura, Fossa. Somos especializados em servi\u00e7os de Desentupimento.","og_url":"https:\/\/www.atitudedesentupidora.com.br\/site\/quem-somos\/","og_site_name":"Atitude","article_publisher":"https:\/\/www.facebook.com\/atitudedesentupidora","article_modified_time":"2024-02-02T13:15:57+00:00","twitter_card":"summary_large_image","twitter_misc":{"Est. tempo de leitura":"2 minutos"},"schema":{"@context":"https:\/\/schema.org","@graph":[{"@type":"WebPage","@id":"https:\/\/www.atitudedesentupidora.com.br\/site\/quem-somos\/","url":"https:\/\/www.atitudedesentupidora.com.br\/site\/quem-somos\/","name":"Quem Somos - Atitude","isPartOf":{"@id":"https:\/\/www.atitudedesentupidora.com.br\/site\/#website"},"datePublished":"2023-04-06T11:29:33+00:00","dateModified":"2024-02-02T13:15:57+00:00","description":"Desentupidora de Vaso Sanit\u00e1rio, Pias, Ralos, Esgoto. Precisou \u00e9 s\u00f3 chamar a Atitude. Solicite-nos um or\u00e7amento sem compromisso, vamos at\u00e9 a sua casa e avaliamos o problema.Limpeza de Caixa de Gordura, Fossa. Somos especializados em servi\u00e7os de Desentupimento.","breadcrumb":{"@id":"https:\/\/www.atitudedesentupidora.com.br\/site\/quem-somos\/#breadcrumb"},"inLanguage":"pt-BR","potentialAction":[{"@type":"ReadAction","target":["https:\/\/www.atitudedesentupidora.com.br\/site\/quem-somos\/"]}]},{"@type":"BreadcrumbList","@id":"https:\/\/www.atitudedesentupidora.com.br\/site\/quem-somos\/#breadcrumb","itemListElement":[{"@type":"ListItem","position":1,"name":"In\u00edcio","item":"https:\/\/www.atitudedesentupidora.com.br\/site\/"},{"@type":"ListItem","position":2,"name":"Quem Somos"}]},{"@type":"WebSite","@id":"https:\/\/www.atitudedesentupidora.com.br\/site\/#website","url":"https:\/\/www.atitudedesentupidora.com.br\/site\/","name":"Atitude Desentupidora","description":"Desentupidora 24h","publisher":{"@id":"https:\/\/www.atitudedesentupidora.com.br\/site\/#organization"},"potentialAction":[{"@type":"SearchAction","target":{"@type":"EntryPoint","urlTemplate":"https:\/\/www.atitudedesentupidora.com.br\/site\/?s={search_term_string}"},"query-input":{"@type":"PropertyValueSpecification","valueRequired":true,"valueName":"search_term_string"}}],"inLanguage":"pt-BR"},{"@type":"Organization","@id":"https:\/\/www.atitudedesentupidora.com.br\/site\/#organization","name":"Desentupidora 24 horas","url":"https:\/\/www.atitudedesentupidora.com.br\/site\/","logo":{"@type":"ImageObject","inLanguage":"pt-BR","@id":"https:\/\/www.atitudedesentupidora.com.br\/site\/#\/schema\/logo\/image\/","url":"https:\/\/www.atitudedesentupidora.com.br\/site\/wp-content\/uploads\/2024\/02\/logo.png","contentUrl":"https:\/\/www.atitudedesentupidora.com.br\/site\/wp-content\/uploads\/2024\/02\/logo.png","width":358,"height":135,"caption":"Desentupidora 24 horas"},"image":{"@id":"https:\/\/www.atitudedesentupidora.com.br\/site\/#\/schema\/logo\/image\/"},"sameAs":["https:\/\/www.facebook.com\/atitudedesentupidora","https:\/\/www.instagram.com\/atitudedesentupidora"]}]}},"_links":{"self":[{"href":"https:\/\/www.atitudedesentupidora.com.br\/site\/wp-json\/wp\/v2\/pages\/10","targetHints":{"allow":["GET"]}}],"collection":[{"href":"https:\/\/www.atitudedesentupidora.com.br\/site\/wp-json\/wp\/v2\/pages"}],"about":[{"href":"https:\/\/www.atitudedesentupidora.com.br\/site\/wp-json\/wp\/v2\/types\/page"}],"author":[{"embeddable":true,"href":"https:\/\/www.atitudedesentupidora.com.br\/site\/wp-json\/wp\/v2\/users\/1"}],"replies":[{"embeddable":true,"href":"https:\/\/www.atitudedesentupidora.com.br\/site\/wp-json\/wp\/v2\/comments?post=10"}],"version-history":[{"count":9,"href":"https:\/\/www.atitudedesentupidora.com.br\/site\/wp-json\/wp\/v2\/pages\/10\/revisions"}],"predecessor-version":[{"id":267,"href":"https:\/\/www.atitudedesentupidora.com.br\/site\/wp-json\/wp\/v2\/pages\/10\/revisions\/267"}],"wp:attachment":[{"href":"https:\/\/www.atitudedesentupidora.com.br\/site\/wp-json\/wp\/v2\/media?parent=10"}],"curies":[{"name":"wp","href":"https:\/\/api.w.org\/{rel}","templated":true}]}}