{"id":74,"date":"2023-04-06T11:16:30","date_gmt":"2023-04-06T14:16:30","guid":{"rendered":"https:\/\/www.atitudedesentupidora.com.br\/site\/?page_id=74"},"modified":"2023-07-19T15:19:04","modified_gmt":"2023-07-19T18:19:04","slug":"limpeza-de-fossas","status":"publish","type":"page","link":"https:\/\/www.atitudedesentupidora.com.br\/site\/servicos\/limpeza-de-fossas\/","title":{"rendered":"Limpeza de fossas"},"content":{"rendered":"<section class=\"wpb-content-wrapper\"><p>[vc_row][vc_column][vc_column_text]<\/p>\n<p style=\"text-align: justify;\"><img loading=\"lazy\" decoding=\"async\" class=\"alignleft size-medium wp-image-181\" src=\"https:\/\/www.atitudedesentupidora.com.br\/site\/wp-content\/uploads\/2023\/04\/servicos4-300x225.jpg\" alt=\"\" width=\"300\" height=\"225\" srcset=\"https:\/\/www.atitudedesentupidora.com.br\/site\/wp-content\/uploads\/2023\/04\/servicos4-300x225.jpg 300w, https:\/\/www.atitudedesentupidora.com.br\/site\/wp-content\/uploads\/2023\/04\/servicos4-768x576.jpg 768w, https:\/\/www.atitudedesentupidora.com.br\/site\/wp-content\/uploads\/2023\/04\/servicos4-164x124.jpg 164w, https:\/\/www.atitudedesentupidora.com.br\/site\/wp-content\/uploads\/2023\/04\/servicos4.jpg 800w\" sizes=\"auto, (max-width: 300px) 100vw, 300px\" \/><\/p>\n<p style=\"text-align: justify;\">A empresa Focus Desentupidora oferece servi\u00e7os especializados de limpeza de fossa para atender \u00e0s necessidades de seus clientes. Com anos de experi\u00eancia no mercado, nossa equipe de profissionais altamente qualificados est\u00e1 pronta para lidar com qualquer tipo de limpeza de fossa, utilizando equipamentos modernos e t\u00e9cnicas avan\u00e7adas para garantir a qualidade e a seguran\u00e7a em nossos servi\u00e7os.<\/p>\n<p style=\"text-align: justify;\">A fossa \u00e9 um sistema de tratamento de esgoto que pode ser encontrado em resid\u00eancias, com\u00e9rcios e ind\u00fastrias que n\u00e3o possuem acesso \u00e0 rede p\u00fablica de esgoto. A limpeza regular da fossa \u00e9 essencial para evitar o transbordamento de esgoto, a prolifera\u00e7\u00e3o de bact\u00e9rias e odores desagrad\u00e1veis.<\/p>\n<p style=\"text-align: justify;\">A Focus Desentupidora oferece solu\u00e7\u00f5es r\u00e1pidas e eficazes para a limpeza de fossa, com valores acess\u00edveis e competitivos, oferecendo or\u00e7amentos personalizados de acordo com as necessidades de cada cliente. Nossa miss\u00e3o \u00e9 proporcionar um atendimento de excel\u00eancia, respeitando sempre os prazos estabelecidos e garantindo a satisfa\u00e7\u00e3o total dos nossos clientes.<\/p>\n<p style=\"text-align: justify;\">N\u00e3o hesite em entrar em contato conosco para agendar a limpeza de sua fossa. Estamos dispon\u00edveis 24 horas por dia, 7 dias por semana, para atend\u00ea-lo com rapidez e efici\u00eancia. Conte com a Focus Desentupidora para ter um servi\u00e7o de qualidade e confiabilidade!<\/p>\n<p>[\/vc_column_text][vc_btn title=&#8221;SOLICITE-NOS UM OR\u00c7AMENTO&#8221; style=&#8221;custom&#8221; custom_background=&#8221;#25d366&#8243; custom_text=&#8221;#ffffff&#8221; shape=&#8221;round&#8221; align=&#8221;center&#8221; i_icon_fontawesome=&#8221;fab fa-whatsapp&#8221; add_icon=&#8221;true&#8221; link=&#8221;url:https%3A%2F%2Fwa.me%2F5547984499383|target:_blank&#8221;][\/vc_column][\/vc_row]<\/p>\n<\/section>","protected":false},"excerpt":{"rendered":"<p>[vc_row][vc_column][vc_column_text] A empresa Focus Desentupidora oferece servi\u00e7os especializados de limpeza de fossa para atender \u00e0s necessidades de seus clientes. Com anos de experi\u00eancia no mercado, nossa equipe de profissionais altamente qualificados est\u00e1 pronta para lidar com qualquer tipo de limpeza de fossa, utilizando equipamentos modernos e t\u00e9cnicas avan\u00e7adas para garantir a qualidade e a seguran\u00e7a em nossos servi\u00e7os. A fossa \u00e9 um sistema de tratamento de esgoto que pode ser encontrado em resid\u00eancias, com\u00e9rcios e ind\u00fastrias que n\u00e3o possuem acesso \u00e0 rede p\u00fablica de esgoto. A limpeza regular da fossa \u00e9 essencial para evitar o transbordamento de esgoto, a prolifera\u00e7\u00e3o de bact\u00e9rias e odores desagrad\u00e1veis. A Focus Desentupidora oferece solu\u00e7\u00f5es r\u00e1pidas e eficazes para a limpeza de fossa, com valores acess\u00edveis e competitivos, oferecendo or\u00e7amentos personalizados de acordo com as necessidades de cada cliente. Nossa miss\u00e3o \u00e9 proporcionar um atendimento de excel\u00eancia, respeitando sempre os prazos estabelecidos e garantindo a satisfa\u00e7\u00e3o total dos nossos clientes. N\u00e3o hesite em entrar em contato conosco para agendar a limpeza de sua fossa. Estamos dispon\u00edveis 24 horas por dia, 7 dias por semana, para atend\u00ea-lo com rapidez e efici\u00eancia. Conte com a Focus Desentupidora para ter um servi\u00e7o de qualidade e confiabilidade! [\/vc_column_text][vc_btn title=&#8221;SOLICITE-NOS UM OR\u00c7AMENTO&#8221; style=&#8221;custom&#8221; custom_background=&#8221;#25d366&#8243; custom_text=&#8221;#ffffff&#8221; shape=&#8221;round&#8221; align=&#8221;center&#8221; i_icon_fontawesome=&#8221;fab fa-whatsapp&#8221; add_icon=&#8221;true&#8221; link=&#8221;url:https%3A%2F%2Fwa.me%2F5547984499383|target:_blank&#8221;][\/vc_column][\/vc_row]<\/p>\n","protected":false},"author":1,"featured_media":0,"parent":12,"menu_order":0,"comment_status":"closed","ping_status":"closed","template":"","meta":{"footnotes":""},"class_list":["post-74","page","type-page","status-publish","hentry"],"yoast_head":"<!-- This site is optimized with the Yoast SEO plugin v27.4 - https:\/\/yoast.com\/product\/yoast-seo-wordpress\/ -->\n<title>Limpeza de fossas - Atitude<\/title>\n<meta name=\"description\" content=\"Desentupidora de Vaso Sanit\u00e1rio, Pias, Ralos, Esgoto. Precisou \u00e9 s\u00f3 chamar a Atitude. Solicite-nos um or\u00e7amento sem compromisso, vamos at\u00e9 a sua casa e avaliamos o problema.Limpeza de Caixa de Gordura, Fossa. Somos especializados em servi\u00e7os de Desentupimento.\" \/>\n<meta name=\"robots\" content=\"index, follow, max-snippet:-1, max-image-preview:large, max-video-preview:-1\" \/>\n<link rel=\"canonical\" href=\"https:\/\/www.atitudedesentupidora.com.br\/site\/servicos\/limpeza-de-fossas\/\" \/>\n<meta property=\"og:locale\" content=\"pt_BR\" \/>\n<meta property=\"og:type\" content=\"article\" \/>\n<meta property=\"og:title\" content=\"Limpeza de fossas - Atitude\" \/>\n<meta property=\"og:description\" content=\"Desentupidora de Vaso Sanit\u00e1rio, Pias, Ralos, Esgoto. Precisou \u00e9 s\u00f3 chamar a Atitude. Solicite-nos um or\u00e7amento sem compromisso, vamos at\u00e9 a sua casa e avaliamos o problema.Limpeza de Caixa de Gordura, Fossa. Somos especializados em servi\u00e7os de Desentupimento.\" \/>\n<meta property=\"og:url\" content=\"https:\/\/www.atitudedesentupidora.com.br\/site\/servicos\/limpeza-de-fossas\/\" \/>\n<meta property=\"og:site_name\" content=\"Atitude\" \/>\n<meta property=\"article:publisher\" content=\"https:\/\/www.facebook.com\/atitudedesentupidora\" \/>\n<meta property=\"article:modified_time\" content=\"2023-07-19T18:19:04+00:00\" \/>\n<meta property=\"og:image\" content=\"https:\/\/www.atitudedesentupidora.com.br\/site\/wp-content\/uploads\/2023\/04\/servicos4-300x225.jpg\" \/>\n<meta name=\"twitter:card\" content=\"summary_large_image\" \/>\n<meta name=\"twitter:label1\" content=\"Est. tempo de leitura\" \/>\n\t<meta name=\"twitter:data1\" content=\"1 minuto\" \/>\n<script type=\"application\/ld+json\" class=\"yoast-schema-graph\">{\"@context\":\"https:\\\/\\\/schema.org\",\"@graph\":[{\"@type\":\"WebPage\",\"@id\":\"https:\\\/\\\/www.atitudedesentupidora.com.br\\\/site\\\/servicos\\\/limpeza-de-fossas\\\/\",\"url\":\"https:\\\/\\\/www.atitudedesentupidora.com.br\\\/site\\\/servicos\\\/limpeza-de-fossas\\\/\",\"name\":\"Limpeza de fossas - Atitude\",\"isPartOf\":{\"@id\":\"https:\\\/\\\/www.atitudedesentupidora.com.br\\\/site\\\/#website\"},\"primaryImageOfPage\":{\"@id\":\"https:\\\/\\\/www.atitudedesentupidora.com.br\\\/site\\\/servicos\\\/limpeza-de-fossas\\\/#primaryimage\"},\"image\":{\"@id\":\"https:\\\/\\\/www.atitudedesentupidora.com.br\\\/site\\\/servicos\\\/limpeza-de-fossas\\\/#primaryimage\"},\"thumbnailUrl\":\"https:\\\/\\\/www.atitudedesentupidora.com.br\\\/site\\\/wp-content\\\/uploads\\\/2023\\\/04\\\/servicos4-300x225.jpg\",\"datePublished\":\"2023-04-06T14:16:30+00:00\",\"dateModified\":\"2023-07-19T18:19:04+00:00\",\"description\":\"Desentupidora de Vaso Sanit\u00e1rio, Pias, Ralos, Esgoto. Precisou \u00e9 s\u00f3 chamar a Atitude. Solicite-nos um or\u00e7amento sem compromisso, vamos at\u00e9 a sua casa e avaliamos o problema.Limpeza de Caixa de Gordura, Fossa. Somos especializados em servi\u00e7os de Desentupimento.\",\"breadcrumb\":{\"@id\":\"https:\\\/\\\/www.atitudedesentupidora.com.br\\\/site\\\/servicos\\\/limpeza-de-fossas\\\/#breadcrumb\"},\"inLanguage\":\"pt-BR\",\"potentialAction\":[{\"@type\":\"ReadAction\",\"target\":[\"https:\\\/\\\/www.atitudedesentupidora.com.br\\\/site\\\/servicos\\\/limpeza-de-fossas\\\/\"]}]},{\"@type\":\"ImageObject\",\"inLanguage\":\"pt-BR\",\"@id\":\"https:\\\/\\\/www.atitudedesentupidora.com.br\\\/site\\\/servicos\\\/limpeza-de-fossas\\\/#primaryimage\",\"url\":\"https:\\\/\\\/www.atitudedesentupidora.com.br\\\/site\\\/wp-content\\\/uploads\\\/2023\\\/04\\\/servicos4.jpg\",\"contentUrl\":\"https:\\\/\\\/www.atitudedesentupidora.com.br\\\/site\\\/wp-content\\\/uploads\\\/2023\\\/04\\\/servicos4.jpg\",\"width\":800,\"height\":600},{\"@type\":\"BreadcrumbList\",\"@id\":\"https:\\\/\\\/www.atitudedesentupidora.com.br\\\/site\\\/servicos\\\/limpeza-de-fossas\\\/#breadcrumb\",\"itemListElement\":[{\"@type\":\"ListItem\",\"position\":1,\"name\":\"In\u00edcio\",\"item\":\"https:\\\/\\\/www.atitudedesentupidora.com.br\\\/site\\\/\"},{\"@type\":\"ListItem\",\"position\":2,\"name\":\"Servi\u00e7os\",\"item\":\"https:\\\/\\\/www.atitudedesentupidora.com.br\\\/site\\\/servicos\\\/\"},{\"@type\":\"ListItem\",\"position\":3,\"name\":\"Limpeza de fossas\"}]},{\"@type\":\"WebSite\",\"@id\":\"https:\\\/\\\/www.atitudedesentupidora.com.br\\\/site\\\/#website\",\"url\":\"https:\\\/\\\/www.atitudedesentupidora.com.br\\\/site\\\/\",\"name\":\"Atitude Desentupidora\",\"description\":\"Desentupidora 24h\",\"publisher\":{\"@id\":\"https:\\\/\\\/www.atitudedesentupidora.com.br\\\/site\\\/#organization\"},\"potentialAction\":[{\"@type\":\"SearchAction\",\"target\":{\"@type\":\"EntryPoint\",\"urlTemplate\":\"https:\\\/\\\/www.atitudedesentupidora.com.br\\\/site\\\/?s={search_term_string}\"},\"query-input\":{\"@type\":\"PropertyValueSpecification\",\"valueRequired\":true,\"valueName\":\"search_term_string\"}}],\"inLanguage\":\"pt-BR\"},{\"@type\":\"Organization\",\"@id\":\"https:\\\/\\\/www.atitudedesentupidora.com.br\\\/site\\\/#organization\",\"name\":\"Desentupidora 24 horas\",\"url\":\"https:\\\/\\\/www.atitudedesentupidora.com.br\\\/site\\\/\",\"logo\":{\"@type\":\"ImageObject\",\"inLanguage\":\"pt-BR\",\"@id\":\"https:\\\/\\\/www.atitudedesentupidora.com.br\\\/site\\\/#\\\/schema\\\/logo\\\/image\\\/\",\"url\":\"https:\\\/\\\/www.atitudedesentupidora.com.br\\\/site\\\/wp-content\\\/uploads\\\/2024\\\/02\\\/logo.png\",\"contentUrl\":\"https:\\\/\\\/www.atitudedesentupidora.com.br\\\/site\\\/wp-content\\\/uploads\\\/2024\\\/02\\\/logo.png\",\"width\":358,\"height\":135,\"caption\":\"Desentupidora 24 horas\"},\"image\":{\"@id\":\"https:\\\/\\\/www.atitudedesentupidora.com.br\\\/site\\\/#\\\/schema\\\/logo\\\/image\\\/\"},\"sameAs\":[\"https:\\\/\\\/www.facebook.com\\\/atitudedesentupidora\",\"https:\\\/\\\/www.instagram.com\\\/atitudedesentupidora\"]}]}<\/script>\n<!-- \/ Yoast SEO plugin. -->","yoast_head_json":{"title":"Limpeza de fossas - Atitude","description":"Desentupidora de Vaso Sanit\u00e1rio, Pias, Ralos, Esgoto. Precisou \u00e9 s\u00f3 chamar a Atitude. Solicite-nos um or\u00e7amento sem compromisso, vamos at\u00e9 a sua casa e avaliamos o problema.Limpeza de Caixa de Gordura, Fossa. Somos especializados em servi\u00e7os de Desentupimento.","robots":{"index":"index","follow":"follow","max-snippet":"max-snippet:-1","max-image-preview":"max-image-preview:large","max-video-preview":"max-video-preview:-1"},"canonical":"https:\/\/www.atitudedesentupidora.com.br\/site\/servicos\/limpeza-de-fossas\/","og_locale":"pt_BR","og_type":"article","og_title":"Limpeza de fossas - Atitude","og_description":"Desentupidora de Vaso Sanit\u00e1rio, Pias, Ralos, Esgoto. Precisou \u00e9 s\u00f3 chamar a Atitude. Solicite-nos um or\u00e7amento sem compromisso, vamos at\u00e9 a sua casa e avaliamos o problema.Limpeza de Caixa de Gordura, Fossa. Somos especializados em servi\u00e7os de Desentupimento.","og_url":"https:\/\/www.atitudedesentupidora.com.br\/site\/servicos\/limpeza-de-fossas\/","og_site_name":"Atitude","article_publisher":"https:\/\/www.facebook.com\/atitudedesentupidora","article_modified_time":"2023-07-19T18:19:04+00:00","og_image":[{"url":"https:\/\/www.atitudedesentupidora.com.br\/site\/wp-content\/uploads\/2023\/04\/servicos4-300x225.jpg","type":"","width":"","height":""}],"twitter_card":"summary_large_image","twitter_misc":{"Est. tempo de leitura":"1 minuto"},"schema":{"@context":"https:\/\/schema.org","@graph":[{"@type":"WebPage","@id":"https:\/\/www.atitudedesentupidora.com.br\/site\/servicos\/limpeza-de-fossas\/","url":"https:\/\/www.atitudedesentupidora.com.br\/site\/servicos\/limpeza-de-fossas\/","name":"Limpeza de fossas - Atitude","isPartOf":{"@id":"https:\/\/www.atitudedesentupidora.com.br\/site\/#website"},"primaryImageOfPage":{"@id":"https:\/\/www.atitudedesentupidora.com.br\/site\/servicos\/limpeza-de-fossas\/#primaryimage"},"image":{"@id":"https:\/\/www.atitudedesentupidora.com.br\/site\/servicos\/limpeza-de-fossas\/#primaryimage"},"thumbnailUrl":"https:\/\/www.atitudedesentupidora.com.br\/site\/wp-content\/uploads\/2023\/04\/servicos4-300x225.jpg","datePublished":"2023-04-06T14:16:30+00:00","dateModified":"2023-07-19T18:19:04+00:00","description":"Desentupidora de Vaso Sanit\u00e1rio, Pias, Ralos, Esgoto. Precisou \u00e9 s\u00f3 chamar a Atitude. Solicite-nos um or\u00e7amento sem compromisso, vamos at\u00e9 a sua casa e avaliamos o problema.Limpeza de Caixa de Gordura, Fossa. Somos especializados em servi\u00e7os de Desentupimento.","breadcrumb":{"@id":"https:\/\/www.atitudedesentupidora.com.br\/site\/servicos\/limpeza-de-fossas\/#breadcrumb"},"inLanguage":"pt-BR","potentialAction":[{"@type":"ReadAction","target":["https:\/\/www.atitudedesentupidora.com.br\/site\/servicos\/limpeza-de-fossas\/"]}]},{"@type":"ImageObject","inLanguage":"pt-BR","@id":"https:\/\/www.atitudedesentupidora.com.br\/site\/servicos\/limpeza-de-fossas\/#primaryimage","url":"https:\/\/www.atitudedesentupidora.com.br\/site\/wp-content\/uploads\/2023\/04\/servicos4.jpg","contentUrl":"https:\/\/www.atitudedesentupidora.com.br\/site\/wp-content\/uploads\/2023\/04\/servicos4.jpg","width":800,"height":600},{"@type":"BreadcrumbList","@id":"https:\/\/www.atitudedesentupidora.com.br\/site\/servicos\/limpeza-de-fossas\/#breadcrumb","itemListElement":[{"@type":"ListItem","position":1,"name":"In\u00edcio","item":"https:\/\/www.atitudedesentupidora.com.br\/site\/"},{"@type":"ListItem","position":2,"name":"Servi\u00e7os","item":"https:\/\/www.atitudedesentupidora.com.br\/site\/servicos\/"},{"@type":"ListItem","position":3,"name":"Limpeza de fossas"}]},{"@type":"WebSite","@id":"https:\/\/www.atitudedesentupidora.com.br\/site\/#website","url":"https:\/\/www.atitudedesentupidora.com.br\/site\/","name":"Atitude Desentupidora","description":"Desentupidora 24h","publisher":{"@id":"https:\/\/www.atitudedesentupidora.com.br\/site\/#organization"},"potentialAction":[{"@type":"SearchAction","target":{"@type":"EntryPoint","urlTemplate":"https:\/\/www.atitudedesentupidora.com.br\/site\/?s={search_term_string}"},"query-input":{"@type":"PropertyValueSpecification","valueRequired":true,"valueName":"search_term_string"}}],"inLanguage":"pt-BR"},{"@type":"Organization","@id":"https:\/\/www.atitudedesentupidora.com.br\/site\/#organization","name":"Desentupidora 24 horas","url":"https:\/\/www.atitudedesentupidora.com.br\/site\/","logo":{"@type":"ImageObject","inLanguage":"pt-BR","@id":"https:\/\/www.atitudedesentupidora.com.br\/site\/#\/schema\/logo\/image\/","url":"https:\/\/www.atitudedesentupidora.com.br\/site\/wp-content\/uploads\/2024\/02\/logo.png","contentUrl":"https:\/\/www.atitudedesentupidora.com.br\/site\/wp-content\/uploads\/2024\/02\/logo.png","width":358,"height":135,"caption":"Desentupidora 24 horas"},"image":{"@id":"https:\/\/www.atitudedesentupidora.com.br\/site\/#\/schema\/logo\/image\/"},"sameAs":["https:\/\/www.facebook.com\/atitudedesentupidora","https:\/\/www.instagram.com\/atitudedesentupidora"]}]}},"_links":{"self":[{"href":"https:\/\/www.atitudedesentupidora.com.br\/site\/wp-json\/wp\/v2\/pages\/74","targetHints":{"allow":["GET"]}}],"collection":[{"href":"https:\/\/www.atitudedesentupidora.com.br\/site\/wp-json\/wp\/v2\/pages"}],"about":[{"href":"https:\/\/www.atitudedesentupidora.com.br\/site\/wp-json\/wp\/v2\/types\/page"}],"author":[{"embeddable":true,"href":"https:\/\/www.atitudedesentupidora.com.br\/site\/wp-json\/wp\/v2\/users\/1"}],"replies":[{"embeddable":true,"href":"https:\/\/www.atitudedesentupidora.com.br\/site\/wp-json\/wp\/v2\/comments?post=74"}],"version-history":[{"count":5,"href":"https:\/\/www.atitudedesentupidora.com.br\/site\/wp-json\/wp\/v2\/pages\/74\/revisions"}],"predecessor-version":[{"id":249,"href":"https:\/\/www.atitudedesentupidora.com.br\/site\/wp-json\/wp\/v2\/pages\/74\/revisions\/249"}],"up":[{"embeddable":true,"href":"https:\/\/www.atitudedesentupidora.com.br\/site\/wp-json\/wp\/v2\/pages\/12"}],"wp:attachment":[{"href":"https:\/\/www.atitudedesentupidora.com.br\/site\/wp-json\/wp\/v2\/media?parent=74"}],"curies":[{"name":"wp","href":"https:\/\/api.w.org\/{rel}","templated":true}]}}